{"id":9,"date":"2012-08-19T16:19:28","date_gmt":"2012-08-19T14:19:28","guid":{"rendered":"http:\/\/www.rifiutizerocapannori.it\/rifiutizero\/?page_id=9"},"modified":"2022-02-26T11:08:54","modified_gmt":"2022-02-26T10:08:54","slug":"team-operativo","status":"publish","type":"page","link":"https:\/\/www.rifiutizerocapannori.it\/rifiutizero\/team-operativo\/","title":{"rendered":"Team operativo"},"content":{"rendered":"<div>\n<p><strong><strong><a href=\"https:\/\/www.rifiutizerocapannori.it\/rifiutizero\/wp-content\/uploads\/2012\/08\/rossano_prize.png\"><img loading=\"lazy\" decoding=\"async\" class=\"wp-image-687 alignnone\" src=\"https:\/\/www.rifiutizerocapannori.it\/rifiutizero\/wp-content\/uploads\/2012\/08\/rossano_prize-225x300.png\" alt=\"rossano goldman environmental prize\" width=\"176\" height=\"235\" srcset=\"https:\/\/www.rifiutizerocapannori.it\/rifiutizero\/wp-content\/uploads\/2012\/08\/rossano_prize-225x300.png 225w, https:\/\/www.rifiutizerocapannori.it\/rifiutizero\/wp-content\/uploads\/2012\/08\/rossano_prize.png 300w\" sizes=\"auto, (max-width: 176px) 100vw, 176px\" \/><\/a><\/strong><\/strong><\/p>\n<p><strong>Rossano Ercolini<\/strong>, direttore del Centro di Ricerca Rifiuti Zero del Comune di Capannori (LU), si occupa attivamente di gestione dei rifiuti da pi\u00f9 di 40 anni. Ha fatto parte di vari gruppi tecnici istituiti da Comuni ed Enti della Toscana. \u00c8 presidente di <a href=\"https:\/\/zerowasteeurope.eu\/\">Zero Waste Europe<\/a> e <a href=\"http:\/\/www.zerowasteitaly.org\/\">Zero Waste Italy<\/a>.\u00a0Coordinatore dell\u2019osservatorio Rifiuti Zero del Comune di Capannori \u00e8 tra i principali fondatori della Rete Nazionale Rifiuti Zero. \u00c8 stato invitato come speaker negli incontri mondiali della Zero Waste International Alliance tenutisi a Napoli (2009), Puerto Princesa (Filippine-2009), Florianopolis (Brasile-2010), San Diego (California-2011) e Vancouver (Canada-2014). Ha tenuto conferenze in Cina, Francia, Slovenia, Spagna, Romania e Svizzera.\u00a0\u00c8 autore di numerosi articoli sulla strategia Rifiuti Zero e autore del libro \u201c<a href=\"https:\/\/www.ibs.it\/non-bruciamo-futuro-mia-battaglia-libro-rossano-ercolini\/e\/9788811687177\">Non bruciamo il futuro<\/a>\u201d ed. Garzanti (2014), coautore del libro &#8220;Rifiuti Zero: una rivoluzione in corso&#8221; ed. Dissensi (2012), \u201c<a href=\"https:\/\/www.baldinicastoldi.it\/libri\/rifiuti-zero\/\">Rifiuti Zero<\/a>\u201d ed. Baldini+Castoldi (2018) e \u201c<a href=\"https:\/\/www.baldinicastoldi.it\/libri\/il-bivio\/\">Il Bivio &#8211; Manifesto per la rivoluzione ecologica<\/a>\u201d Baldini+Castoldi (2020).\u00a0Ha ricevuto nel 2013 a San Francisco il <a href=\"https:\/\/www.goldmanprize.org\/recipient\/rossano-ercolini\/\">Goldman Environmental Prize<\/a> (Nobel alternativo per l&#8217;ambiente) e nel 2015 il \u201cPremio Nazionale Paolo Borsellino\u201d per il suo impegno civile.<\/p>\n<\/div>\n<div dir=\"ltr\"><strong><a href=\"https:\/\/www.rifiutizerocapannori.it\/rifiutizero\/team-operativo\/profilo\/\" rel=\"attachment wp-att-2917\"><img loading=\"lazy\" decoding=\"async\" class=\"wp-image-2917 alignnone\" src=\"https:\/\/www.rifiutizerocapannori.it\/rifiutizero\/wp-content\/uploads\/2021\/05\/profilo.jpg\" alt=\"\" width=\"175\" height=\"175\" srcset=\"https:\/\/www.rifiutizerocapannori.it\/rifiutizero\/wp-content\/uploads\/2021\/05\/profilo.jpg 610w, https:\/\/www.rifiutizerocapannori.it\/rifiutizero\/wp-content\/uploads\/2021\/05\/profilo-150x150.jpg 150w, https:\/\/www.rifiutizerocapannori.it\/rifiutizero\/wp-content\/uploads\/2021\/05\/profilo-300x300.jpg 300w\" sizes=\"auto, (max-width: 175px) 100vw, 175px\" \/><\/a><\/strong><\/div>\n<div dir=\"ltr\"><strong>Laura Lo Presti<\/strong>, libera professionista impegnata nel campo dello studio, sensibilizzazione e promozione di stili di vita ecologici alternativi.\u00a0Socia fondatrice della start up &#8220;Plastic Free certification&#8221; per la progressiva eliminazione della plastica monouso e dell&#8217;Associazione &#8220;Toscana bio per la Sostenibilit\u00e0&#8221; il cui fine \u00e8 promuovere una cultura olistica per quanto riguarda i temi citati nella agenda 2030, in modo particolare il tema agricolo.\u00a0Blogger su tematiche ambientali, attivista nella Associazione Centro Parchi, attivista nel Bio-Distretto del Montalbano e fondatrice del GaS Fico di Carmignano.\u00a0Collaboratrice di Zero Waste Italy per l&#8217;educazione ambientale rivolta alle scolaresche e coordinatrice dei Comuni Italiani Rifiuti Zero.<\/div>\n<div dir=\"ltr\"><strong><img loading=\"lazy\" decoding=\"async\" class=\"wp-image-623 alignnone\" src=\"https:\/\/www.rifiutizerocapannori.it\/rifiutizero\/wp-content\/uploads\/2012\/08\/AntonioDiGiovanni.png\" alt=\"AntonioDiGiovanni\" width=\"169\" height=\"162\" \/><\/strong><\/div>\n<div dir=\"ltr\"><strong>Antonio Di Giovanni <\/strong>ha conseguito la laurea magistrale in Gestione Ambientale del Territorio Rurale, presso la facolt\u00e0 di Agraria di Firenze. Ha frequentato un corso per la gestione dei rifiuti, acquisendo il titolo di &#8220;Tecnico superiore per i sistemi di raccolta e smaltimento rifiuti&#8221;.<br \/>\nDurante la sua carriera universitaria ha fatto parte del Collettivo d&#8217;Agraria di Firenze, con il quale ha organizzato dibattiti e iniziative per diffondere e promuovere la cultura della sostenibilit\u00e0. Sempre nell&#8217;ottica della sostenibilit\u00e0 da 3 anni \u00e8 attivista Rifiuti Zero, a favore di pratiche virtuose per la valorizzazione e la riduzione dei rifiuti che non prevedono la pratica dell&#8217;incenerimento. E&#8217; stato promotore di progetti per una corretta gestione dei rifiuti organici (compostaggio domestico), organizzando corsi di educazione ambientale a livello scolastico e cittadino. Ultimamente \u00e8 stato relatore per il workshop &#8220;Il gusto di un caff\u00e8 sostenibile &#8221; organizzato dal Centro di Ricerca Rifiuti Zero.<\/div>\n<p><strong><img loading=\"lazy\" decoding=\"async\" class=\"wp-image-234 alignnone\" title=\"stefania\" src=\"https:\/\/www.rifiutizerocapannori.it\/rifiutizero\/wp-content\/uploads\/2012\/08\/stefania.jpg\" alt=\"\" width=\"144\" height=\"177\" \/><\/strong><\/p>\n<p><strong>Stefania Brandinelli<\/strong>, pittrice e scultrice, ha conseguito il diploma di BB.AA. presso l&#8217;accademia di Bologna e la laurea, presso il DAMS (Arte). Ha in seguito studiato, per nove anni, pittura e scultura negli Stati Uniti. L&#8217;esperienza come madre di due figli l&#8217;ha particolarmente avvicinata alle problematiche ambientali; da 4 anni \u00e8 attivista in favore di una gestione dei rifiuti in Versilia senza incenerimento e secondo la strategia Rifiuti Zero . Attualmente sta approfondendo il legame esistente tra Arte e Rifiuti Zero per individuare ed incoraggiare tendenze artistiche basate sul rispetto dell&#8217;ambiente e la sostenibilit\u00e0.<\/p>\n<p><img loading=\"lazy\" decoding=\"async\" class=\"size-full wp-image-237 alignnone\" title=\"fabio\" src=\"https:\/\/www.rifiutizerocapannori.it\/rifiutizero\/wp-content\/uploads\/2012\/08\/fabio.png\" alt=\"\" width=\"130\" height=\"172\" \/><\/p>\n<p><strong>Fabio Lucchesi<\/strong>, storico ambientalista, nasce \u00a0nel 1961 a Lucca dove insegna nella Scuola Elementare di S. Vito svolgendo inoltre numerose attivit\u00e0 di teatro ed animazione per i bambini. Nel corso degli anni &#8217;80 \u00e8 stato tra i promotori del movimento ambientalista locale e, nei primi anni &#8217;90, consigliere comunale dei Verdi al comune di Lucca. Tra il 1999 ed il 2001 \u00e8 stato uno dei coordinatori nazionali della \u201cRete Lilliput per un&#8217;Economia di Giustizia\u201d e, successivamente, il suo impegno si \u00e8 concentrato all&#8217;interno dell&#8217;associazione Ambiente e Futuro per Rifiuti Zero nella promozione delle iniziative e delle attivit\u00e0 legate alla campagna \u201cRifiuti Zero\u201d. Fabio Lucchesi ci ha lasciati, nel pi\u00f9 grande dolore, il 12 febbraio del 2015 all&#8217;et\u00e0 di 54 anni.<\/p>\n<p><a href=\"https:\/\/www.rifiutizerocapannori.it\/rifiutizero\/team-operativo\/168845850_10219129119960850_1312078372903212536_n\/\" rel=\"attachment wp-att-2916\"><img loading=\"lazy\" decoding=\"async\" class=\"wp-image-2916 alignnone\" src=\"https:\/\/www.rifiutizerocapannori.it\/rifiutizero\/wp-content\/uploads\/2021\/05\/168845850_10219129119960850_1312078372903212536_n.jpg\" alt=\"\" width=\"155\" height=\"155\" srcset=\"https:\/\/www.rifiutizerocapannori.it\/rifiutizero\/wp-content\/uploads\/2021\/05\/168845850_10219129119960850_1312078372903212536_n.jpg 960w, https:\/\/www.rifiutizerocapannori.it\/rifiutizero\/wp-content\/uploads\/2021\/05\/168845850_10219129119960850_1312078372903212536_n-150x150.jpg 150w, https:\/\/www.rifiutizerocapannori.it\/rifiutizero\/wp-content\/uploads\/2021\/05\/168845850_10219129119960850_1312078372903212536_n-300x300.jpg 300w, https:\/\/www.rifiutizerocapannori.it\/rifiutizero\/wp-content\/uploads\/2021\/05\/168845850_10219129119960850_1312078372903212536_n-768x768.jpg 768w\" sizes=\"auto, (max-width: 155px) 100vw, 155px\" \/><\/a><\/p>\n<p><strong>Patrizia Lo Sciuto<\/strong> fa parte del movimento \u201cZero Waste\u201d dal 2007, anno in cui fonda,\u00a0nella citt\u00e0 di Trapani, la prima associazione Rifiuti Zero in Sicilia. \u00c8 stata presidente\u00a0dell\u2019associazione <a href=\"http:\/\/rifiutizerotrapani.blogspot.com\">Rifiuti Zero Trapani<\/a> dal 2007 al 2011. Ha ideato diversi progetti per\u00a0sensibilizzare i cittadini ai tema dei rifiuti collegandosi ai diversi linguaggi culturali ed\u00a0artistici. Ha creato, in collaborazione con le istituzioni e le amministrazioni della provincia\u00a0di Trapani, dei corsi di formazione sull\u2019educazione ambientale per gli istituti delle scuole\u00a0primarie e secondarie. Nel 2010 ottiene un master in comunicazione ambientale. Dal 2011\u00a0ad oggi \u00e8 vicepresidente dell\u2019associazione Zero Waste Italy. Ha partecipato come speaker\u00a0ai congressi annuali della \u201cZero Waste International Alliance\u201d a Napoli, Puerto Princesa\u00a0(Filippine), Florianopolis (Brasile), Saint-Sebastien, Capannori e Bruxelles. Fa parte del\u00a0team operativo del Centro di Ricerca Rifiuti Zero del Comune di Capannori (LU) sin dalla<br \/>\nsua costituzione, occupandosi della comunicazione e di progetti di sensibilizzazione\u00a0all\u2019ambiente per le scuole. \u00c8 coautrice con Paul Connett e Rossano Ercolini del libro\u201c<a href=\"https:\/\/www.ibs.it\/rifiuti-zero-rivoluzione-in-corso-libro-paul-connett\/e\/9788896643136\">Rifiuti Zero: una rivoluzione in corso<\/a>\u201d edizioni Dissensi (2012).<\/p>\n<p><strong><img loading=\"lazy\" decoding=\"async\" class=\"wp-image-238 alignnone\" title=\"pier\" src=\"https:\/\/www.rifiutizerocapannori.it\/rifiutizero\/wp-content\/uploads\/2012\/08\/pier.png\" alt=\"\" width=\"174\" height=\"131\" \/><\/strong><\/p>\n<p><strong>Pier Felice Ferri,\u00a0<\/strong>responsabile documentazione audiovisiva del team operativo oltre che webmaster del sito web dell&#8217;associazione Ambiente e Futuro. Fa parte dello staff di &#8220;Ambientefuturo news&#8221; ed \u00e8 uno dei fondatori della Rete Italiana Rifiuti Zero nonch\u00e8 dell&#8217;Associazione Diritto al Futuro. Ha prodotto per Ambiente e Futuro numerosi video e materiale fotografico oltre ad alcune interviste a Paul Connett.<\/p>\n<p><img loading=\"lazy\" decoding=\"async\" class=\"wp-image-620 alignnone\" src=\"https:\/\/www.rifiutizerocapannori.it\/rifiutizero\/wp-content\/uploads\/2012\/08\/amina.jpg\" alt=\"amina\" width=\"176\" height=\"166\" \/><\/p>\n<p><strong>Amina Santi<\/strong> \u00e8 una\u00a0dirigente di comunit\u00e0. Dopo varie esperienze lavorative ha svolto il servizio civile presso la Caritas diocesana di Lucca occupandomi nello specifico del centro di riuso \u201cLa Bisaccia\u201d del comune di Capannori e del progetto Pani e Pesci va a scuola. Concluso il servizio civile ha avuto da Caritas la possibilit\u00e0 di poter portare avanti i progetti di cui sopra. \u00c8 stata incaricata dal Centro Ricerca Rifiuti Zero del Comune di Capannori a svolgere un progetto di monitoraggio dei flussi di beni potenzialmente riparabili e riusabili in ingresso alle isole ecologiche e al centro di riuso. Ha fatto parte della delegazione del Comune di Capannori per la visita al parco di recupero di G\u00f6teborg. Ha svolto diverse presentazioni a convegni e stage formativi dedicati al recupero e al riuso.<\/p>\n<p><a href=\"https:\/\/www.rifiutizerocapannori.it\/rifiutizero\/team-operativo\/whatsapp-image-2021-05-28-at-16-51-40-1\/\" rel=\"attachment wp-att-2928\"><img loading=\"lazy\" decoding=\"async\" class=\"wp-image-2928 alignnone\" src=\"https:\/\/www.rifiutizerocapannori.it\/rifiutizero\/wp-content\/uploads\/2021\/05\/WhatsApp-Image-2021-05-28-at-16.51.40-1.jpeg\" alt=\"\" width=\"149\" height=\"142\" srcset=\"https:\/\/www.rifiutizerocapannori.it\/rifiutizero\/wp-content\/uploads\/2021\/05\/WhatsApp-Image-2021-05-28-at-16.51.40-1.jpeg 1024w, https:\/\/www.rifiutizerocapannori.it\/rifiutizero\/wp-content\/uploads\/2021\/05\/WhatsApp-Image-2021-05-28-at-16.51.40-1-300x286.jpeg 300w, https:\/\/www.rifiutizerocapannori.it\/rifiutizero\/wp-content\/uploads\/2021\/05\/WhatsApp-Image-2021-05-28-at-16.51.40-1-768x732.jpeg 768w\" sizes=\"auto, (max-width: 149px) 100vw, 149px\" \/><\/a><\/p>\n<p><b>Maria Alena Santini<\/b> (Marilina) attivista, da sempre attenta alle tematiche\u00a0ambientali, fa parte del team del Centro Ricerca Rifiuti Zero dal 2016. Segue e certifica il progetto Famiglie a Rifiuti Zero del Comune di Capannori e contribuisce alla promozione dei prodotti della vetrina Rifiuti Zero. Collabora, inoltre, per la parte amministrativa del Centro Ricerca Rifiuti Zero e di Zero Waste Italy.<\/p>\n<p><a href=\"https:\/\/www.rifiutizerocapannori.it\/rifiutizero\/team-operativo\/francesca\/\" rel=\"attachment wp-att-2918\"><img loading=\"lazy\" decoding=\"async\" class=\"wp-image-2918 alignnone\" src=\"https:\/\/www.rifiutizerocapannori.it\/rifiutizero\/wp-content\/uploads\/2021\/05\/Francesca.jpg\" alt=\"\" width=\"151\" height=\"144\" srcset=\"https:\/\/www.rifiutizerocapannori.it\/rifiutizero\/wp-content\/uploads\/2021\/05\/Francesca.jpg 1650w, https:\/\/www.rifiutizerocapannori.it\/rifiutizero\/wp-content\/uploads\/2021\/05\/Francesca-300x285.jpg 300w, https:\/\/www.rifiutizerocapannori.it\/rifiutizero\/wp-content\/uploads\/2021\/05\/Francesca-768x730.jpg 768w, https:\/\/www.rifiutizerocapannori.it\/rifiutizero\/wp-content\/uploads\/2021\/05\/Francesca-1024x973.jpg 1024w\" sizes=\"auto, (max-width: 151px) 100vw, 151px\" \/><\/a><\/p>\n<p><strong>Francesca Ferri <\/strong>\u00e8 nata nel 1992. Ha conseguito il diploma in lingue e comunicazione nel 2011. Negli anni successivi ha seguito corsi di Web Marketing, Web Design e Social Media Marketing, tenendosi in costante aggiornamento. Dichiara che emotivamente fa parte di questo progetto dalla 1a elementare quando il primo giorno di scuola il maestro le raccont\u00f2 una bellissima fiaba di tolleranza e natura e questo maestro si chiamava Rossano Ercolini. \u00c8 cresciuta con l&#8217;amore per la salvaguardia dell&#8217;ambiente. Fa parte del team comunicazione del Centro di Ricerca Rifiuti Zero e si occupo della creazione e gestione del sito web e dei canali social del progetto <a href=\"https:\/\/www.prodottirifiutizero.it\/\">Prodotti Rifiuti Zero<\/a>.<\/p>\n<p><img loading=\"lazy\" decoding=\"async\" class=\"wp-image-1248 alignnone\" src=\"https:\/\/www.rifiutizerocapannori.it\/rifiutizero\/wp-content\/uploads\/2012\/08\/allegro.jpg\" alt=\"allegro\" width=\"130\" height=\"173\" srcset=\"https:\/\/www.rifiutizerocapannori.it\/rifiutizero\/wp-content\/uploads\/2012\/08\/allegro.jpg 480w, https:\/\/www.rifiutizerocapannori.it\/rifiutizero\/wp-content\/uploads\/2012\/08\/allegro-225x300.jpg 225w\" sizes=\"auto, (max-width: 130px) 100vw, 130px\" \/><\/p>\n<p><strong>Pasqualino Allegro\u00a0<\/strong>inizia la sua attivit\u00e0 di libero professionista nell&#8217;ambito della modellazione e rendering 2D&amp;3D con softwares Autodesk; oggi laureato in Ingegneria Edile, con qualifica di Coordinatore per la progettazione e per l\u2019Esecuzione di lavori in cantiere e la formazione specialistica sui Green Buildings legata al Corso Livello 100 (Azioni formative finalizzate alla consapevolezza e diffusione dei concetti di Green Building), al Corso Livello 200-1 (LEED Green Associate-Azioni formative professionalizzanti sui sistemi USGBC\/LEED) e al Corso Livello 300-2 (LEED BD+C-Azioni formative volte all&#8217;applicazione dei sistemi LEED).<\/p>\n<p><a href=\"https:\/\/www.rifiutizerocapannori.it\/rifiutizero\/team-operativo\/schermata-2021-05-26-alle-17-34-14\/\" rel=\"attachment wp-att-2919\"><img loading=\"lazy\" decoding=\"async\" class=\"wp-image-2919 alignnone\" src=\"https:\/\/www.rifiutizerocapannori.it\/rifiutizero\/wp-content\/uploads\/2021\/05\/Schermata-2021-05-26-alle-17.34.14.png\" alt=\"\" width=\"139\" height=\"187\" srcset=\"https:\/\/www.rifiutizerocapannori.it\/rifiutizero\/wp-content\/uploads\/2021\/05\/Schermata-2021-05-26-alle-17.34.14.png 392w, https:\/\/www.rifiutizerocapannori.it\/rifiutizero\/wp-content\/uploads\/2021\/05\/Schermata-2021-05-26-alle-17.34.14-223x300.png 223w\" sizes=\"auto, (max-width: 139px) 100vw, 139px\" \/><\/a><\/p>\n<p><strong>Alexandra Onorato, <\/strong>amante delle meraviglie della natura \u00e8 appassionata di storia e opere d\u2019arte. Lavora come Guida Turistica e Guida Ambientale Escursionistica in Toscana. Laureata in Pubblicit\u00e0 e Marketing, fa parte del team operativo del Centro di Ricerca Rifiuti Zero dal 2020 e si occupa della ricerca di alternative ecosostenibili ai prodotti della \u201c<a href=\"http:\/\/www.zerowasteitaly.org\/la-campagna-la-doppia-sporca-dozzina-diventa-dopo-un-anno-una-vertenza-permamente\/\">Sporca doppia dozzina<\/a>\u201d.<\/p>\n<p><strong><a href=\"https:\/\/www.rifiutizerocapannori.it\/rifiutizero\/wp-content\/uploads\/2022\/02\/LinkedIn-Pic-2-scaled.jpg\"><img loading=\"lazy\" decoding=\"async\" class=\"wp-image-3070 alignnone\" src=\"https:\/\/www.rifiutizerocapannori.it\/rifiutizero\/wp-content\/uploads\/2022\/02\/LinkedIn-Pic-2-225x300.jpg\" alt=\"\" width=\"154\" height=\"206\" srcset=\"https:\/\/www.rifiutizerocapannori.it\/rifiutizero\/wp-content\/uploads\/2022\/02\/LinkedIn-Pic-2-225x300.jpg 225w, https:\/\/www.rifiutizerocapannori.it\/rifiutizero\/wp-content\/uploads\/2022\/02\/LinkedIn-Pic-2-769x1024.jpg 769w, https:\/\/www.rifiutizerocapannori.it\/rifiutizero\/wp-content\/uploads\/2022\/02\/LinkedIn-Pic-2-768x1022.jpg 768w, https:\/\/www.rifiutizerocapannori.it\/rifiutizero\/wp-content\/uploads\/2022\/02\/LinkedIn-Pic-2-1154x1536.jpg 1154w, https:\/\/www.rifiutizerocapannori.it\/rifiutizero\/wp-content\/uploads\/2022\/02\/LinkedIn-Pic-2-1539x2048.jpg 1539w, https:\/\/www.rifiutizerocapannori.it\/rifiutizero\/wp-content\/uploads\/2022\/02\/LinkedIn-Pic-2-scaled.jpg 1923w\" sizes=\"auto, (max-width: 154px) 100vw, 154px\" \/><\/a><\/strong><\/p>\n<p><strong>Lorenzo Dello Sbarba<\/strong>, classe 1998, si \u00e8 laureato in \u201cAmbiente e Business\u201d presso la \u201cFacolt\u00e0 di Terra e Ambiente\u201d dell\u2019Universit\u00e0 di Leeds (Regno Unito) nel 2021. Durante gli studi universitari, \u00e8 stato membro del Centro Internazionale per il Clima Priestley di Leeds. Collabora con Zero Waste Italy da diverso tempo: dopo aver svolto un tirocinio estivo presso il Centro di Ricerca Rifiuti Zero nel 2020, \u00e8 diventato membro del team dello stesso centro ad inizio 2022. Nel tempo libero, sin dal 2019, fa attivismo ambientale con il Movimento TAT di Montefoscoli (Pisa).<\/p>\n","protected":false},"excerpt":{"rendered":"<p>Rossano Ercolini, direttore del Centro di Ricerca Rifiuti Zero del Comune di Capannori (LU), si occupa attivamente di gestione dei rifiuti da pi\u00f9 di 40 anni. Ha fatto parte di vari gruppi tecnici istituiti da Comuni ed Enti della Toscana. \u00c8 presidente di Zero Waste Europe e Zero Waste Italy.\u00a0Coordinatore dell\u2019osservatorio Rifiuti Zero del Comune [&hellip;]<\/p>\n","protected":false},"author":1,"featured_media":0,"parent":0,"menu_order":0,"comment_status":"open","ping_status":"open","template":"","meta":{"footnotes":""},"class_list":["post-9","page","type-page","status-publish","hentry"],"_links":{"self":[{"href":"https:\/\/www.rifiutizerocapannori.it\/rifiutizero\/wp-json\/wp\/v2\/pages\/9","targetHints":{"allow":["GET"]}}],"collection":[{"href":"https:\/\/www.rifiutizerocapannori.it\/rifiutizero\/wp-json\/wp\/v2\/pages"}],"about":[{"href":"https:\/\/www.rifiutizerocapannori.it\/rifiutizero\/wp-json\/wp\/v2\/types\/page"}],"author":[{"embeddable":true,"href":"https:\/\/www.rifiutizerocapannori.it\/rifiutizero\/wp-json\/wp\/v2\/users\/1"}],"replies":[{"embeddable":true,"href":"https:\/\/www.rifiutizerocapannori.it\/rifiutizero\/wp-json\/wp\/v2\/comments?post=9"}],"version-history":[{"count":44,"href":"https:\/\/www.rifiutizerocapannori.it\/rifiutizero\/wp-json\/wp\/v2\/pages\/9\/revisions"}],"predecessor-version":[{"id":3071,"href":"https:\/\/www.rifiutizerocapannori.it\/rifiutizero\/wp-json\/wp\/v2\/pages\/9\/revisions\/3071"}],"wp:attachment":[{"href":"https:\/\/www.rifiutizerocapannori.it\/rifiutizero\/wp-json\/wp\/v2\/media?parent=9"}],"curies":[{"name":"wp","href":"https:\/\/api.w.org\/{rel}","templated":true}]}}